{"id":7117,"date":"2021-03-14T15:01:27","date_gmt":"2021-03-14T13:01:27","guid":{"rendered":"http:\/\/noflatrading.com\/fragrance\/?page_id=7117"},"modified":"2021-03-14T21:24:38","modified_gmt":"2021-03-14T19:24:38","slug":"iletisim","status":"publish","type":"page","link":"https:\/\/noflatrading.com\/fragrance\/iletisim\/","title":{"rendered":"\u0130leti\u015fim"},"content":{"rendered":"<p>[vc_row padding_top=&#8221;5&#8243; padding_bottom=&#8221;5&#8243;][vc_column][vc_gmaps link=&#8221;#E-8_JTNDaWZyYW1lJTIwc3JjJTNEJTIyaHR0cHMlM0ElMkYlMkZ3d3cuZ29vZ2xlLmNvbSUyRm1hcHMlMkZlbWJlZCUzRnBiJTNEJTIxMW0xOCUyMTFtMTIlMjExbTMlMjExZDgxNS45MzYyNzkzNzcwOTgxJTIxMmQzMy45NDMyNDM5MjkyMTgxNTYlMjEzZDM1LjExMzA3NDg5ODc3MDY4JTIxMm0zJTIxMWYwJTIxMmYwJTIxM2YwJTIxM20yJTIxMWkxMDI0JTIxMmk3NjglMjE0ZjEzLjElMjEzbTMlMjExbTIlMjExczB4MCUyNTNBMHgwJTIxMnpNelhDc0RBMkp6UTNMakVpVGlBek04S3dOVFluTXpjdU55SkYlMjE1ZTAlMjEzbTIlMjExc3RyJTIxMnN0ciUyMTR2MTYxNTc0OTQ1OTUwNyUyMTVtMiUyMTFzdHIlMjEyc3RyJTIyJTIwd2lkdGglM0QlMjI2MDAlMjIlMjBoZWlnaHQlM0QlMjI0NTAlMjIlMjBzdHlsZSUzRCUyMmJvcmRlciUzQTAlM0IlMjIlMjBhbGxvd2Z1bGxzY3JlZW4lM0QlMjIlMjIlMjBsb2FkaW5nJTNEJTIybGF6eSUyMiUzRSUzQyUyRmlmcmFtZSUzRQ==&#8221;][vc_row_inner][vc_column_inner width=&#8221;1\/3&#8243;][kleo_icon icon=&#8221;pin&#8221; icon_size=&#8221;4x&#8221; position=&#8221;center&#8221; icon_color=&#8221;#000000&#8243;][vc_column_text]<\/p>\n<h6 style=\"text-align: center;\">Ziya G\u00f6kalp Caddesi, No:2 4\/A<br \/>\nGazima\u011fusa<\/h6>\n<p>[\/vc_column_text][\/vc_column_inner][vc_column_inner width=&#8221;1\/3&#8243;][kleo_icon icon=&#8221;whatsapp&#8221; icon_size=&#8221;4x&#8221; position=&#8221;center&#8221; icon_color=&#8221;#000000&#8243;][vc_column_text]<\/p>\n<h4 style=\"text-align: center;\">+90 533 864 55 84<\/h4>\n<p>[\/vc_column_text][\/vc_column_inner][vc_column_inner width=&#8221;1\/3&#8243;][kleo_icon icon=&#8221;mail&#8221; icon_size=&#8221;4x&#8221; position=&#8221;center&#8221; icon_color=&#8221;#000000&#8243;][vc_column_text]<\/p>\n<h5 style=\"text-align: center;\"><a href=\"mailto:fragrance@noflatrading.com\">fragrance@noflatrading.com<\/a><\/h5>\n<p>[\/vc_column_text][\/vc_column_inner][\/vc_row_inner][\/vc_column][\/vc_row]<\/p>\n","protected":false},"excerpt":{"rendered":"<p>[vc_row padding_top=&#8221;5&#8243; padding_bottom=&#8221;5&#8243;][vc_column][vc_gmaps link=&#8221;#E-8_JTNDaWZyYW1lJTIwc3JjJTNEJTIyaHR0cHMlM0ElMkYlMkZ3d3cuZ29vZ2xlLmNvbSUyRm1hcHMlMkZlbWJlZCUzRnBiJTNEJTIxMW0xOCUyMTFtMTIlMjExbTMlMjExZDgxNS45MzYyNzkzNzcwOTgxJTIxMmQzMy45NDMyNDM5MjkyMTgxNTYlMjEzZDM1LjExMzA3NDg5ODc3MDY4JTIxMm0zJTIxMWYwJTIxMmYwJTIxM2YwJTIxM20yJTIxMWkxMDI0JTIxMmk3NjglMjE0ZjEzLjElMjEzbTMlMjExbTIlMjExczB4MCUyNTNBMHgwJTIxMnpNelhDc0RBMkp6UTNMakVpVGlBek04S3dOVFluTXpjdU55SkYlMjE1ZTAlMjEzbTIlMjExc3RyJTIxMnN0ciUyMTR2MTYxNTc0OTQ1OTUwNyUyMTVtMiUyMTFzdHIlMjEyc3RyJTIyJTIwd2lkdGglM0QlMjI2MDAlMjIlMjBoZWlnaHQlM0QlMjI0NTAlMjIlMjBzdHlsZSUzRCUyMmJvcmRlciUzQTAlM0IlMjIlMjBhbGxvd2Z1bGxzY3JlZW4lM0QlMjIlMjIlMjBsb2FkaW5nJTNEJTIybGF6eSUyMiUzRSUzQyUyRmlmcmFtZSUzRQ==&#8221;][vc_row_inner][vc_column_inner width=&#8221;1\/3&#8243;][kleo_icon icon=&#8221;pin&#8221; icon_size=&#8221;4x&#8221; position=&#8221;center&#8221; icon_color=&#8221;#000000&#8243;][vc_column_text] Ziya G\u00f6kalp Caddesi, No:2 4\/A Gazima\u011fusa [\/vc_column_text][\/vc_column_inner][vc_column_inner width=&#8221;1\/3&#8243;][kleo_icon icon=&#8221;whatsapp&#8221; icon_size=&#8221;4x&#8221; position=&#8221;center&#8221; icon_color=&#8221;#000000&#8243;][vc_column_text] +90 533 864 55 84 [\/vc_column_text][\/vc_column_inner][vc_column_inner width=&#8221;1\/3&#8243;][kleo_icon icon=&#8221;mail&#8221; icon_size=&#8221;4x&#8221; position=&#8221;center&#8221; icon_color=&#8221;#000000&#8243;][vc_column_text] fragrance@noflatrading.com [\/vc_column_text][\/vc_column_inner][\/vc_row_inner][\/vc_column][\/vc_row]<\/p>\n","protected":false},"author":1,"featured_media":0,"parent":0,"menu_order":0,"comment_status":"closed","ping_status":"closed","template":"","meta":{"_joinchat":[],"footnotes":""},"class_list":["post-7117","page","type-page","status-publish","hentry"],"yoast_head":"<!-- This site is optimized with the Yoast SEO plugin v27.4 - https:\/\/yoast.com\/product\/yoast-seo-wordpress\/ -->\n<title>\u0130leti\u015fim - NOFLA FRAGRANCE<\/title>\n<meta name=\"robots\" content=\"index, follow, max-snippet:-1, max-image-preview:large, max-video-preview:-1\" \/>\n<link rel=\"canonical\" href=\"https:\/\/noflatrading.com\/fragrance\/iletisim\/\" \/>\n<meta property=\"og:locale\" content=\"tr_TR\" \/>\n<meta property=\"og:type\" content=\"article\" \/>\n<meta property=\"og:title\" content=\"\u0130leti\u015fim - NOFLA FRAGRANCE\" \/>\n<meta property=\"og:description\" content=\"[vc_row padding_top=&#8221;5&#8243; padding_bottom=&#8221;5&#8243;][vc_column][vc_gmaps link=&#8221;#E-8_JTNDaWZyYW1lJTIwc3JjJTNEJTIyaHR0cHMlM0ElMkYlMkZ3d3cuZ29vZ2xlLmNvbSUyRm1hcHMlMkZlbWJlZCUzRnBiJTNEJTIxMW0xOCUyMTFtMTIlMjExbTMlMjExZDgxNS45MzYyNzkzNzcwOTgxJTIxMmQzMy45NDMyNDM5MjkyMTgxNTYlMjEzZDM1LjExMzA3NDg5ODc3MDY4JTIxMm0zJTIxMWYwJTIxMmYwJTIxM2YwJTIxM20yJTIxMWkxMDI0JTIxMmk3NjglMjE0ZjEzLjElMjEzbTMlMjExbTIlMjExczB4MCUyNTNBMHgwJTIxMnpNelhDc0RBMkp6UTNMakVpVGlBek04S3dOVFluTXpjdU55SkYlMjE1ZTAlMjEzbTIlMjExc3RyJTIxMnN0ciUyMTR2MTYxNTc0OTQ1OTUwNyUyMTVtMiUyMTFzdHIlMjEyc3RyJTIyJTIwd2lkdGglM0QlMjI2MDAlMjIlMjBoZWlnaHQlM0QlMjI0NTAlMjIlMjBzdHlsZSUzRCUyMmJvcmRlciUzQTAlM0IlMjIlMjBhbGxvd2Z1bGxzY3JlZW4lM0QlMjIlMjIlMjBsb2FkaW5nJTNEJTIybGF6eSUyMiUzRSUzQyUyRmlmcmFtZSUzRQ==&#8221;][vc_row_inner][vc_column_inner width=&#8221;1\/3&#8243;][kleo_icon icon=&#8221;pin&#8221; icon_size=&#8221;4x&#8221; position=&#8221;center&#8221; icon_color=&#8221;#000000&#8243;][vc_column_text] Ziya G\u00f6kalp Caddesi, No:2 4\/A Gazima\u011fusa [\/vc_column_text][\/vc_column_inner][vc_column_inner width=&#8221;1\/3&#8243;][kleo_icon icon=&#8221;whatsapp&#8221; icon_size=&#8221;4x&#8221; position=&#8221;center&#8221; icon_color=&#8221;#000000&#8243;][vc_column_text] +90 533 864 55 84 [\/vc_column_text][\/vc_column_inner][vc_column_inner width=&#8221;1\/3&#8243;][kleo_icon icon=&#8221;mail&#8221; icon_size=&#8221;4x&#8221; position=&#8221;center&#8221; icon_color=&#8221;#000000&#8243;][vc_column_text] fragrance@noflatrading.com [\/vc_column_text][\/vc_column_inner][\/vc_row_inner][\/vc_column][\/vc_row]\" \/>\n<meta property=\"og:url\" content=\"https:\/\/noflatrading.com\/fragrance\/iletisim\/\" \/>\n<meta property=\"og:site_name\" content=\"NOFLA FRAGRANCE\" \/>\n<meta property=\"article:modified_time\" content=\"2021-03-14T19:24:38+00:00\" \/>\n<meta name=\"twitter:card\" content=\"summary_large_image\" \/>\n<meta name=\"twitter:label1\" content=\"Tahmini okuma s\u00fcresi\" \/>\n\t<meta name=\"twitter:data1\" content=\"1 dakika\" \/>\n<script type=\"application\/ld+json\" class=\"yoast-schema-graph\">{\"@context\":\"https:\\\/\\\/schema.org\",\"@graph\":[{\"@type\":\"WebPage\",\"@id\":\"https:\\\/\\\/noflatrading.com\\\/fragrance\\\/iletisim\\\/\",\"url\":\"https:\\\/\\\/noflatrading.com\\\/fragrance\\\/iletisim\\\/\",\"name\":\"\u0130leti\u015fim - NOFLA FRAGRANCE\",\"isPartOf\":{\"@id\":\"https:\\\/\\\/noflatrading.com\\\/fragrance\\\/#website\"},\"datePublished\":\"2021-03-14T13:01:27+00:00\",\"dateModified\":\"2021-03-14T19:24:38+00:00\",\"breadcrumb\":{\"@id\":\"https:\\\/\\\/noflatrading.com\\\/fragrance\\\/iletisim\\\/#breadcrumb\"},\"inLanguage\":\"tr\",\"potentialAction\":[{\"@type\":\"ReadAction\",\"target\":[\"https:\\\/\\\/noflatrading.com\\\/fragrance\\\/iletisim\\\/\"]}]},{\"@type\":\"BreadcrumbList\",\"@id\":\"https:\\\/\\\/noflatrading.com\\\/fragrance\\\/iletisim\\\/#breadcrumb\",\"itemListElement\":[{\"@type\":\"ListItem\",\"position\":1,\"name\":\"Anasayfa\",\"item\":\"https:\\\/\\\/noflatrading.com\\\/fragrance\\\/\"},{\"@type\":\"ListItem\",\"position\":2,\"name\":\"\u0130leti\u015fim\"}]},{\"@type\":\"WebSite\",\"@id\":\"https:\\\/\\\/noflatrading.com\\\/fragrance\\\/#website\",\"url\":\"https:\\\/\\\/noflatrading.com\\\/fragrance\\\/\",\"name\":\"NOFLA FRAGRANCE\",\"description\":\"Parf\u00fcm, kozmetik, temizlik \u00fcr\u00fcnleri \u00fcretimi i\u00e7in esanslar.\",\"potentialAction\":[{\"@type\":\"SearchAction\",\"target\":{\"@type\":\"EntryPoint\",\"urlTemplate\":\"https:\\\/\\\/noflatrading.com\\\/fragrance\\\/?s={search_term_string}\"},\"query-input\":{\"@type\":\"PropertyValueSpecification\",\"valueRequired\":true,\"valueName\":\"search_term_string\"}}],\"inLanguage\":\"tr\"}]}<\/script>\n<!-- \/ Yoast SEO plugin. -->","yoast_head_json":{"title":"\u0130leti\u015fim - NOFLA FRAGRANCE","robots":{"index":"index","follow":"follow","max-snippet":"max-snippet:-1","max-image-preview":"max-image-preview:large","max-video-preview":"max-video-preview:-1"},"canonical":"https:\/\/noflatrading.com\/fragrance\/iletisim\/","og_locale":"tr_TR","og_type":"article","og_title":"\u0130leti\u015fim - NOFLA FRAGRANCE","og_description":"[vc_row padding_top=&#8221;5&#8243; padding_bottom=&#8221;5&#8243;][vc_column][vc_gmaps link=&#8221;#E-8_JTNDaWZyYW1lJTIwc3JjJTNEJTIyaHR0cHMlM0ElMkYlMkZ3d3cuZ29vZ2xlLmNvbSUyRm1hcHMlMkZlbWJlZCUzRnBiJTNEJTIxMW0xOCUyMTFtMTIlMjExbTMlMjExZDgxNS45MzYyNzkzNzcwOTgxJTIxMmQzMy45NDMyNDM5MjkyMTgxNTYlMjEzZDM1LjExMzA3NDg5ODc3MDY4JTIxMm0zJTIxMWYwJTIxMmYwJTIxM2YwJTIxM20yJTIxMWkxMDI0JTIxMmk3NjglMjE0ZjEzLjElMjEzbTMlMjExbTIlMjExczB4MCUyNTNBMHgwJTIxMnpNelhDc0RBMkp6UTNMakVpVGlBek04S3dOVFluTXpjdU55SkYlMjE1ZTAlMjEzbTIlMjExc3RyJTIxMnN0ciUyMTR2MTYxNTc0OTQ1OTUwNyUyMTVtMiUyMTFzdHIlMjEyc3RyJTIyJTIwd2lkdGglM0QlMjI2MDAlMjIlMjBoZWlnaHQlM0QlMjI0NTAlMjIlMjBzdHlsZSUzRCUyMmJvcmRlciUzQTAlM0IlMjIlMjBhbGxvd2Z1bGxzY3JlZW4lM0QlMjIlMjIlMjBsb2FkaW5nJTNEJTIybGF6eSUyMiUzRSUzQyUyRmlmcmFtZSUzRQ==&#8221;][vc_row_inner][vc_column_inner width=&#8221;1\/3&#8243;][kleo_icon icon=&#8221;pin&#8221; icon_size=&#8221;4x&#8221; position=&#8221;center&#8221; icon_color=&#8221;#000000&#8243;][vc_column_text] Ziya G\u00f6kalp Caddesi, No:2 4\/A Gazima\u011fusa [\/vc_column_text][\/vc_column_inner][vc_column_inner width=&#8221;1\/3&#8243;][kleo_icon icon=&#8221;whatsapp&#8221; icon_size=&#8221;4x&#8221; position=&#8221;center&#8221; icon_color=&#8221;#000000&#8243;][vc_column_text] +90 533 864 55 84 [\/vc_column_text][\/vc_column_inner][vc_column_inner width=&#8221;1\/3&#8243;][kleo_icon icon=&#8221;mail&#8221; icon_size=&#8221;4x&#8221; position=&#8221;center&#8221; icon_color=&#8221;#000000&#8243;][vc_column_text] fragrance@noflatrading.com [\/vc_column_text][\/vc_column_inner][\/vc_row_inner][\/vc_column][\/vc_row]","og_url":"https:\/\/noflatrading.com\/fragrance\/iletisim\/","og_site_name":"NOFLA FRAGRANCE","article_modified_time":"2021-03-14T19:24:38+00:00","twitter_card":"summary_large_image","twitter_misc":{"Tahmini okuma s\u00fcresi":"1 dakika"},"schema":{"@context":"https:\/\/schema.org","@graph":[{"@type":"WebPage","@id":"https:\/\/noflatrading.com\/fragrance\/iletisim\/","url":"https:\/\/noflatrading.com\/fragrance\/iletisim\/","name":"\u0130leti\u015fim - NOFLA FRAGRANCE","isPartOf":{"@id":"https:\/\/noflatrading.com\/fragrance\/#website"},"datePublished":"2021-03-14T13:01:27+00:00","dateModified":"2021-03-14T19:24:38+00:00","breadcrumb":{"@id":"https:\/\/noflatrading.com\/fragrance\/iletisim\/#breadcrumb"},"inLanguage":"tr","potentialAction":[{"@type":"ReadAction","target":["https:\/\/noflatrading.com\/fragrance\/iletisim\/"]}]},{"@type":"BreadcrumbList","@id":"https:\/\/noflatrading.com\/fragrance\/iletisim\/#breadcrumb","itemListElement":[{"@type":"ListItem","position":1,"name":"Anasayfa","item":"https:\/\/noflatrading.com\/fragrance\/"},{"@type":"ListItem","position":2,"name":"\u0130leti\u015fim"}]},{"@type":"WebSite","@id":"https:\/\/noflatrading.com\/fragrance\/#website","url":"https:\/\/noflatrading.com\/fragrance\/","name":"NOFLA FRAGRANCE","description":"Parf\u00fcm, kozmetik, temizlik \u00fcr\u00fcnleri \u00fcretimi i\u00e7in esanslar.","potentialAction":[{"@type":"SearchAction","target":{"@type":"EntryPoint","urlTemplate":"https:\/\/noflatrading.com\/fragrance\/?s={search_term_string}"},"query-input":{"@type":"PropertyValueSpecification","valueRequired":true,"valueName":"search_term_string"}}],"inLanguage":"tr"}]}},"_links":{"self":[{"href":"https:\/\/noflatrading.com\/fragrance\/wp-json\/wp\/v2\/pages\/7117","targetHints":{"allow":["GET"]}}],"collection":[{"href":"https:\/\/noflatrading.com\/fragrance\/wp-json\/wp\/v2\/pages"}],"about":[{"href":"https:\/\/noflatrading.com\/fragrance\/wp-json\/wp\/v2\/types\/page"}],"author":[{"embeddable":true,"href":"https:\/\/noflatrading.com\/fragrance\/wp-json\/wp\/v2\/users\/1"}],"replies":[{"embeddable":true,"href":"https:\/\/noflatrading.com\/fragrance\/wp-json\/wp\/v2\/comments?post=7117"}],"version-history":[{"count":2,"href":"https:\/\/noflatrading.com\/fragrance\/wp-json\/wp\/v2\/pages\/7117\/revisions"}],"predecessor-version":[{"id":7127,"href":"https:\/\/noflatrading.com\/fragrance\/wp-json\/wp\/v2\/pages\/7117\/revisions\/7127"}],"wp:attachment":[{"href":"https:\/\/noflatrading.com\/fragrance\/wp-json\/wp\/v2\/media?parent=7117"}],"curies":[{"name":"wp","href":"https:\/\/api.w.org\/{rel}","templated":true}]}}