{"id":7115,"date":"2021-03-14T15:01:09","date_gmt":"2021-03-14T13:01:09","guid":{"rendered":"http:\/\/noflatrading.com\/fragrance\/?page_id=7115"},"modified":"2021-10-10T19:48:46","modified_gmt":"2021-10-10T17:48:46","slug":"hakkimizda","status":"publish","type":"page","link":"https:\/\/noflatrading.com\/fragrance\/hakkimizda\/","title":{"rendered":"Hakk\u0131m\u0131zda"},"content":{"rendered":"<p>[vc_row padding_top=&#8221;5&#8243; padding_bottom=&#8221;5&#8243;][vc_column][vc_single_image image=&#8221;7132&#8243; img_size=&#8221;full&#8221; alignment=&#8221;center&#8221;][vc_column_text]<a href=\"https:\/\/noflatrading.com\"><strong>NOFLA Trading Ltd.<\/strong><\/a> \u015firketi olarak 2016 y\u0131l\u0131nda Kuzey K\u0131br\u0131s T\u00fcrk Cumhuriyeti&#8217;nde ticari faaliyetlerimize g\u0131da ham maddesi ithalat\u0131 alan\u0131nda ba\u015flad\u0131k.<\/p>\n<p>\u00dclkede hali haz\u0131rda \u00fcretilen g\u0131da \u00fcr\u00fcnlerinin yan\u0131 s\u0131ra ilk kez \u00fcretimi ger\u00e7ekle\u015ftirilen g\u0131da ve i\u00e7ecek \u00fcr\u00fcnlerinin \u00fcretiminde re\u00e7ete ve ham madde tedariki ile katk\u0131m\u0131z\u0131 ortaya koyduk.<\/p>\n<p>2020 y\u0131l\u0131 Aral\u0131k ay\u0131nda T\u00fcrkiye&#8217;nin en \u00e7ok koku ihracat\u0131 yapan \u015firketi olan <a href=\"http:\/\/seluz.com\">Seluz<\/a> Flavour&amp;Fragrance Company&#8217;nin birbirinden yenilik\u00e7i koku ham maddelerini Kuzey K\u0131br\u0131s \u00fcreticileri i\u00e7in tedarik etmeye ba\u015flad\u0131k.<\/p>\n<p><strong>NOFLA\u00a0FRAGRANCE<\/strong>\u00a0olarak \u00fclkenin parf\u00fcm, ki\u015fisel bak\u0131m, temizlik \u00fcr\u00fcnleri ve kokulu dekorasyon \u00fcr\u00fcnleri \u00fcreten imalat\u00e7\u0131lar\u0131na; koku ve destekleyen ham maddeleri, bunlar\u0131n yan\u0131nda yenilik\u00e7i uygulama re\u00e7etelerini tedarik etmekteyiz.[\/vc_column_text][\/vc_column][\/vc_row]<\/p>\n","protected":false},"excerpt":{"rendered":"<p>[vc_row padding_top=&#8221;5&#8243; padding_bottom=&#8221;5&#8243;][vc_column][vc_single_image image=&#8221;7132&#8243; img_size=&#8221;full&#8221; alignment=&#8221;center&#8221;][vc_column_text]NOFLA Trading Ltd. \u015firketi olarak 2016 y\u0131l\u0131nda Kuzey K\u0131br\u0131s T\u00fcrk Cumhuriyeti&#8217;nde ticari faaliyetlerimize g\u0131da ham maddesi ithalat\u0131 alan\u0131nda ba\u015flad\u0131k. \u00dclkede hali haz\u0131rda \u00fcretilen g\u0131da \u00fcr\u00fcnlerinin yan\u0131 s\u0131ra ilk kez \u00fcretimi ger\u00e7ekle\u015ftirilen g\u0131da ve i\u00e7ecek \u00fcr\u00fcnlerinin \u00fcretiminde re\u00e7ete ve ham madde tedariki ile katk\u0131m\u0131z\u0131 ortaya koyduk. 2020 y\u0131l\u0131 Aral\u0131k ay\u0131nda T\u00fcrkiye&#8217;nin en \u00e7ok koku ihracat\u0131 yapan [&hellip;]<\/p>\n","protected":false},"author":1,"featured_media":0,"parent":0,"menu_order":0,"comment_status":"closed","ping_status":"closed","template":"","meta":{"_joinchat":[],"footnotes":""},"class_list":["post-7115","page","type-page","status-publish","hentry"],"yoast_head":"<!-- This site is optimized with the Yoast SEO plugin v27.4 - https:\/\/yoast.com\/product\/yoast-seo-wordpress\/ -->\n<title>Hakk\u0131m\u0131zda - NOFLA FRAGRANCE<\/title>\n<meta name=\"robots\" content=\"index, follow, max-snippet:-1, max-image-preview:large, max-video-preview:-1\" \/>\n<link rel=\"canonical\" href=\"https:\/\/noflatrading.com\/fragrance\/hakkimizda\/\" \/>\n<meta property=\"og:locale\" content=\"tr_TR\" \/>\n<meta property=\"og:type\" content=\"article\" \/>\n<meta property=\"og:title\" content=\"Hakk\u0131m\u0131zda - NOFLA FRAGRANCE\" \/>\n<meta property=\"og:description\" content=\"[vc_row padding_top=&#8221;5&#8243; padding_bottom=&#8221;5&#8243;][vc_column][vc_single_image image=&#8221;7132&#8243; img_size=&#8221;full&#8221; alignment=&#8221;center&#8221;][vc_column_text]NOFLA Trading Ltd. \u015firketi olarak 2016 y\u0131l\u0131nda Kuzey K\u0131br\u0131s T\u00fcrk Cumhuriyeti&#8217;nde ticari faaliyetlerimize g\u0131da ham maddesi ithalat\u0131 alan\u0131nda ba\u015flad\u0131k. \u00dclkede hali haz\u0131rda \u00fcretilen g\u0131da \u00fcr\u00fcnlerinin yan\u0131 s\u0131ra ilk kez \u00fcretimi ger\u00e7ekle\u015ftirilen g\u0131da ve i\u00e7ecek \u00fcr\u00fcnlerinin \u00fcretiminde re\u00e7ete ve ham madde tedariki ile katk\u0131m\u0131z\u0131 ortaya koyduk. 2020 y\u0131l\u0131 Aral\u0131k ay\u0131nda T\u00fcrkiye&#8217;nin en \u00e7ok koku ihracat\u0131 yapan [&hellip;]\" \/>\n<meta property=\"og:url\" content=\"https:\/\/noflatrading.com\/fragrance\/hakkimizda\/\" \/>\n<meta property=\"og:site_name\" content=\"NOFLA FRAGRANCE\" \/>\n<meta property=\"article:modified_time\" content=\"2021-10-10T17:48:46+00:00\" \/>\n<meta name=\"twitter:card\" content=\"summary_large_image\" \/>\n<meta name=\"twitter:label1\" content=\"Tahmini okuma s\u00fcresi\" \/>\n\t<meta name=\"twitter:data1\" content=\"1 dakika\" \/>\n<script type=\"application\/ld+json\" class=\"yoast-schema-graph\">{\"@context\":\"https:\\\/\\\/schema.org\",\"@graph\":[{\"@type\":\"WebPage\",\"@id\":\"https:\\\/\\\/noflatrading.com\\\/fragrance\\\/hakkimizda\\\/\",\"url\":\"https:\\\/\\\/noflatrading.com\\\/fragrance\\\/hakkimizda\\\/\",\"name\":\"Hakk\u0131m\u0131zda - NOFLA FRAGRANCE\",\"isPartOf\":{\"@id\":\"https:\\\/\\\/noflatrading.com\\\/fragrance\\\/#website\"},\"datePublished\":\"2021-03-14T13:01:09+00:00\",\"dateModified\":\"2021-10-10T17:48:46+00:00\",\"breadcrumb\":{\"@id\":\"https:\\\/\\\/noflatrading.com\\\/fragrance\\\/hakkimizda\\\/#breadcrumb\"},\"inLanguage\":\"tr\",\"potentialAction\":[{\"@type\":\"ReadAction\",\"target\":[\"https:\\\/\\\/noflatrading.com\\\/fragrance\\\/hakkimizda\\\/\"]}]},{\"@type\":\"BreadcrumbList\",\"@id\":\"https:\\\/\\\/noflatrading.com\\\/fragrance\\\/hakkimizda\\\/#breadcrumb\",\"itemListElement\":[{\"@type\":\"ListItem\",\"position\":1,\"name\":\"Anasayfa\",\"item\":\"https:\\\/\\\/noflatrading.com\\\/fragrance\\\/\"},{\"@type\":\"ListItem\",\"position\":2,\"name\":\"Hakk\u0131m\u0131zda\"}]},{\"@type\":\"WebSite\",\"@id\":\"https:\\\/\\\/noflatrading.com\\\/fragrance\\\/#website\",\"url\":\"https:\\\/\\\/noflatrading.com\\\/fragrance\\\/\",\"name\":\"NOFLA FRAGRANCE\",\"description\":\"Parf\u00fcm, kozmetik, temizlik \u00fcr\u00fcnleri \u00fcretimi i\u00e7in esanslar.\",\"potentialAction\":[{\"@type\":\"SearchAction\",\"target\":{\"@type\":\"EntryPoint\",\"urlTemplate\":\"https:\\\/\\\/noflatrading.com\\\/fragrance\\\/?s={search_term_string}\"},\"query-input\":{\"@type\":\"PropertyValueSpecification\",\"valueRequired\":true,\"valueName\":\"search_term_string\"}}],\"inLanguage\":\"tr\"}]}<\/script>\n<!-- \/ Yoast SEO plugin. -->","yoast_head_json":{"title":"Hakk\u0131m\u0131zda - NOFLA FRAGRANCE","robots":{"index":"index","follow":"follow","max-snippet":"max-snippet:-1","max-image-preview":"max-image-preview:large","max-video-preview":"max-video-preview:-1"},"canonical":"https:\/\/noflatrading.com\/fragrance\/hakkimizda\/","og_locale":"tr_TR","og_type":"article","og_title":"Hakk\u0131m\u0131zda - NOFLA FRAGRANCE","og_description":"[vc_row padding_top=&#8221;5&#8243; padding_bottom=&#8221;5&#8243;][vc_column][vc_single_image image=&#8221;7132&#8243; img_size=&#8221;full&#8221; alignment=&#8221;center&#8221;][vc_column_text]NOFLA Trading Ltd. \u015firketi olarak 2016 y\u0131l\u0131nda Kuzey K\u0131br\u0131s T\u00fcrk Cumhuriyeti&#8217;nde ticari faaliyetlerimize g\u0131da ham maddesi ithalat\u0131 alan\u0131nda ba\u015flad\u0131k. \u00dclkede hali haz\u0131rda \u00fcretilen g\u0131da \u00fcr\u00fcnlerinin yan\u0131 s\u0131ra ilk kez \u00fcretimi ger\u00e7ekle\u015ftirilen g\u0131da ve i\u00e7ecek \u00fcr\u00fcnlerinin \u00fcretiminde re\u00e7ete ve ham madde tedariki ile katk\u0131m\u0131z\u0131 ortaya koyduk. 2020 y\u0131l\u0131 Aral\u0131k ay\u0131nda T\u00fcrkiye&#8217;nin en \u00e7ok koku ihracat\u0131 yapan [&hellip;]","og_url":"https:\/\/noflatrading.com\/fragrance\/hakkimizda\/","og_site_name":"NOFLA FRAGRANCE","article_modified_time":"2021-10-10T17:48:46+00:00","twitter_card":"summary_large_image","twitter_misc":{"Tahmini okuma s\u00fcresi":"1 dakika"},"schema":{"@context":"https:\/\/schema.org","@graph":[{"@type":"WebPage","@id":"https:\/\/noflatrading.com\/fragrance\/hakkimizda\/","url":"https:\/\/noflatrading.com\/fragrance\/hakkimizda\/","name":"Hakk\u0131m\u0131zda - NOFLA FRAGRANCE","isPartOf":{"@id":"https:\/\/noflatrading.com\/fragrance\/#website"},"datePublished":"2021-03-14T13:01:09+00:00","dateModified":"2021-10-10T17:48:46+00:00","breadcrumb":{"@id":"https:\/\/noflatrading.com\/fragrance\/hakkimizda\/#breadcrumb"},"inLanguage":"tr","potentialAction":[{"@type":"ReadAction","target":["https:\/\/noflatrading.com\/fragrance\/hakkimizda\/"]}]},{"@type":"BreadcrumbList","@id":"https:\/\/noflatrading.com\/fragrance\/hakkimizda\/#breadcrumb","itemListElement":[{"@type":"ListItem","position":1,"name":"Anasayfa","item":"https:\/\/noflatrading.com\/fragrance\/"},{"@type":"ListItem","position":2,"name":"Hakk\u0131m\u0131zda"}]},{"@type":"WebSite","@id":"https:\/\/noflatrading.com\/fragrance\/#website","url":"https:\/\/noflatrading.com\/fragrance\/","name":"NOFLA FRAGRANCE","description":"Parf\u00fcm, kozmetik, temizlik \u00fcr\u00fcnleri \u00fcretimi i\u00e7in esanslar.","potentialAction":[{"@type":"SearchAction","target":{"@type":"EntryPoint","urlTemplate":"https:\/\/noflatrading.com\/fragrance\/?s={search_term_string}"},"query-input":{"@type":"PropertyValueSpecification","valueRequired":true,"valueName":"search_term_string"}}],"inLanguage":"tr"}]}},"_links":{"self":[{"href":"https:\/\/noflatrading.com\/fragrance\/wp-json\/wp\/v2\/pages\/7115","targetHints":{"allow":["GET"]}}],"collection":[{"href":"https:\/\/noflatrading.com\/fragrance\/wp-json\/wp\/v2\/pages"}],"about":[{"href":"https:\/\/noflatrading.com\/fragrance\/wp-json\/wp\/v2\/types\/page"}],"author":[{"embeddable":true,"href":"https:\/\/noflatrading.com\/fragrance\/wp-json\/wp\/v2\/users\/1"}],"replies":[{"embeddable":true,"href":"https:\/\/noflatrading.com\/fragrance\/wp-json\/wp\/v2\/comments?post=7115"}],"version-history":[{"count":3,"href":"https:\/\/noflatrading.com\/fragrance\/wp-json\/wp\/v2\/pages\/7115\/revisions"}],"predecessor-version":[{"id":7161,"href":"https:\/\/noflatrading.com\/fragrance\/wp-json\/wp\/v2\/pages\/7115\/revisions\/7161"}],"wp:attachment":[{"href":"https:\/\/noflatrading.com\/fragrance\/wp-json\/wp\/v2\/media?parent=7115"}],"curies":[{"name":"wp","href":"https:\/\/api.w.org\/{rel}","templated":true}]}}