{"id":7108,"date":"2021-03-14T14:36:26","date_gmt":"2021-03-14T12:36:26","guid":{"rendered":"http:\/\/noflatrading.com\/fragrance\/?page_id=7108"},"modified":"2021-03-14T21:26:08","modified_gmt":"2021-03-14T19:26:08","slug":"kokulu-dekorasyon-urunleri","status":"publish","type":"page","link":"https:\/\/noflatrading.com\/fragrance\/kokulu-dekorasyon-urunleri\/","title":{"rendered":"Kokulu Dekorasyon \u00dcr\u00fcnleri"},"content":{"rendered":"<p>[vc_row padding_top=&#8221;5&#8243; padding_bottom=&#8221;5&#8243;][vc_column][vc_single_image image=&#8221;7110&#8243; img_size=&#8221;full&#8221; alignment=&#8221;center&#8221;][\/vc_column][\/vc_row][vc_row padding_top=&#8221;5&#8243;][vc_column][vc_column_text]Kokulu mum, kokulu sabun veya kokulu ta\u015f \u00fcretimi i\u00e7in <a href=\"http:\/\/seluz.com\">Seluz<\/a>&#8216;un koku k\u00fct\u00fcphanesinden on binlerce \u00e7e\u015fit koku ve kombinasyonlar\u0131n\u0131 sizlerle bulu\u015fturuyoruz.<\/p>\n<p>Ayr\u0131ca soya wax, parafin, fitil gibi kokulu dekorasyon malzemeleri \u00fcretiminde kullan\u0131lan di\u011fer ham maddeleri tedarik ediyoruz.[\/vc_column_text][vc_row_inner][vc_column_inner width=&#8221;1\/2&#8243;][vc_single_image image=&#8221;7111&#8243; alignment=&#8221;center&#8221;][\/vc_column_inner][vc_column_inner width=&#8221;1\/2&#8243;][vc_single_image image=&#8221;7112&#8243; alignment=&#8221;center&#8221;][\/vc_column_inner][\/vc_row_inner][vc_column_text]Kokulu mum, kokulu ta\u015f veya kokulu sabun \u00fcretimi alan\u0131nda \u00e7al\u0131\u015fmalar\u0131n\u0131z var ya da bu alanda \u00e7al\u0131\u015fmalara ba\u015flamak istiyorsan\u0131z tam olmas\u0131 gerekti\u011fi yerdesiniz.<\/p>\n<p>Bu alandaki esans \u00fcr\u00fcnlerimizden numune ve bilgi talep etmek i\u00e7in NOFLA Koku At\u00f6lyesine <strong><a href=\"https:\/\/noflatrading.com\/fragrance\/koku-atolyesi\/\">buraya t\u0131klayarak<\/a><\/strong> ula\u015fabilirsiniz.[\/vc_column_text][\/vc_column][\/vc_row]<\/p>\n","protected":false},"excerpt":{"rendered":"<p>[vc_row padding_top=&#8221;5&#8243; padding_bottom=&#8221;5&#8243;][vc_column][vc_single_image image=&#8221;7110&#8243; img_size=&#8221;full&#8221; alignment=&#8221;center&#8221;][\/vc_column][\/vc_row][vc_row padding_top=&#8221;5&#8243;][vc_column][vc_column_text]Kokulu mum, kokulu sabun veya kokulu ta\u015f \u00fcretimi i\u00e7in Seluz&#8216;un koku k\u00fct\u00fcphanesinden on binlerce \u00e7e\u015fit koku ve kombinasyonlar\u0131n\u0131 sizlerle bulu\u015fturuyoruz. Ayr\u0131ca soya wax, parafin, fitil gibi kokulu dekorasyon malzemeleri \u00fcretiminde kullan\u0131lan di\u011fer ham maddeleri tedarik ediyoruz.[\/vc_column_text][vc_row_inner][vc_column_inner width=&#8221;1\/2&#8243;][vc_single_image image=&#8221;7111&#8243; alignment=&#8221;center&#8221;][\/vc_column_inner][vc_column_inner width=&#8221;1\/2&#8243;][vc_single_image image=&#8221;7112&#8243; alignment=&#8221;center&#8221;][\/vc_column_inner][\/vc_row_inner][vc_column_text]Kokulu mum, kokulu ta\u015f veya kokulu sabun \u00fcretimi alan\u0131nda \u00e7al\u0131\u015fmalar\u0131n\u0131z var ya da [&hellip;]<\/p>\n","protected":false},"author":1,"featured_media":0,"parent":0,"menu_order":0,"comment_status":"closed","ping_status":"closed","template":"","meta":{"_joinchat":{"telephone":"+905338645584","message_text":"WhatsApp arac\u0131l\u0131\u011f\u0131 ile bizimle ileti\u015fime ge\u00e7in.","message_send":"Merhaba, kokulu dekorasyon \u00fcr\u00fcnleri \u00fcretimi i\u00e7in bilgi almak istiyorum.","view":"yes"},"footnotes":""},"class_list":["post-7108","page","type-page","status-publish","hentry"],"yoast_head":"<!-- This site is optimized with the Yoast SEO plugin v27.4 - https:\/\/yoast.com\/product\/yoast-seo-wordpress\/ -->\n<title>Kokulu mum, sabun &amp; ta\u015f \u00fcretimi i\u00e7in esanslar - NOFLA Fragrance - K\u0131br\u0131s<\/title>\n<meta name=\"description\" content=\"Kokulu mum, kokulu sabun ve ta\u015f \u00fcretimi i\u00e7in on binlerce koku ve kombinasyonlar\u0131, soya wax, parafin, fitil NOFLA Fragrance ile K\u0131br\u0131s&#039;ta.\" \/>\n<meta name=\"robots\" content=\"index, follow, max-snippet:-1, max-image-preview:large, max-video-preview:-1\" \/>\n<link rel=\"canonical\" href=\"https:\/\/noflatrading.com\/fragrance\/kokulu-dekorasyon-urunleri\/\" \/>\n<meta property=\"og:locale\" content=\"tr_TR\" \/>\n<meta property=\"og:type\" content=\"article\" \/>\n<meta property=\"og:title\" content=\"Kokulu mum, sabun &amp; ta\u015f \u00fcretimi i\u00e7in esanslar - NOFLA Fragrance - K\u0131br\u0131s\" \/>\n<meta property=\"og:description\" content=\"Kokulu mum, kokulu sabun ve ta\u015f \u00fcretimi i\u00e7in on binlerce koku ve kombinasyonlar\u0131, soya wax, parafin, fitil NOFLA Fragrance ile K\u0131br\u0131s&#039;ta.\" \/>\n<meta property=\"og:url\" content=\"https:\/\/noflatrading.com\/fragrance\/kokulu-dekorasyon-urunleri\/\" \/>\n<meta property=\"og:site_name\" content=\"NOFLA FRAGRANCE\" \/>\n<meta property=\"article:modified_time\" content=\"2021-03-14T19:26:08+00:00\" \/>\n<meta name=\"twitter:card\" content=\"summary_large_image\" \/>\n<meta name=\"twitter:label1\" content=\"Tahmini okuma s\u00fcresi\" \/>\n\t<meta name=\"twitter:data1\" content=\"1 dakika\" \/>\n<script type=\"application\/ld+json\" class=\"yoast-schema-graph\">{\"@context\":\"https:\\\/\\\/schema.org\",\"@graph\":[{\"@type\":\"WebPage\",\"@id\":\"https:\\\/\\\/noflatrading.com\\\/fragrance\\\/kokulu-dekorasyon-urunleri\\\/\",\"url\":\"https:\\\/\\\/noflatrading.com\\\/fragrance\\\/kokulu-dekorasyon-urunleri\\\/\",\"name\":\"Kokulu mum, sabun & ta\u015f \u00fcretimi i\u00e7in esanslar - NOFLA Fragrance - K\u0131br\u0131s\",\"isPartOf\":{\"@id\":\"https:\\\/\\\/noflatrading.com\\\/fragrance\\\/#website\"},\"datePublished\":\"2021-03-14T12:36:26+00:00\",\"dateModified\":\"2021-03-14T19:26:08+00:00\",\"description\":\"Kokulu mum, kokulu sabun ve ta\u015f \u00fcretimi i\u00e7in on binlerce koku ve kombinasyonlar\u0131, soya wax, parafin, fitil NOFLA Fragrance ile K\u0131br\u0131s'ta.\",\"breadcrumb\":{\"@id\":\"https:\\\/\\\/noflatrading.com\\\/fragrance\\\/kokulu-dekorasyon-urunleri\\\/#breadcrumb\"},\"inLanguage\":\"tr\",\"potentialAction\":[{\"@type\":\"ReadAction\",\"target\":[\"https:\\\/\\\/noflatrading.com\\\/fragrance\\\/kokulu-dekorasyon-urunleri\\\/\"]}]},{\"@type\":\"BreadcrumbList\",\"@id\":\"https:\\\/\\\/noflatrading.com\\\/fragrance\\\/kokulu-dekorasyon-urunleri\\\/#breadcrumb\",\"itemListElement\":[{\"@type\":\"ListItem\",\"position\":1,\"name\":\"Anasayfa\",\"item\":\"https:\\\/\\\/noflatrading.com\\\/fragrance\\\/\"},{\"@type\":\"ListItem\",\"position\":2,\"name\":\"Kokulu Dekorasyon \u00dcr\u00fcnleri\"}]},{\"@type\":\"WebSite\",\"@id\":\"https:\\\/\\\/noflatrading.com\\\/fragrance\\\/#website\",\"url\":\"https:\\\/\\\/noflatrading.com\\\/fragrance\\\/\",\"name\":\"NOFLA FRAGRANCE\",\"description\":\"Parf\u00fcm, kozmetik, temizlik \u00fcr\u00fcnleri \u00fcretimi i\u00e7in esanslar.\",\"potentialAction\":[{\"@type\":\"SearchAction\",\"target\":{\"@type\":\"EntryPoint\",\"urlTemplate\":\"https:\\\/\\\/noflatrading.com\\\/fragrance\\\/?s={search_term_string}\"},\"query-input\":{\"@type\":\"PropertyValueSpecification\",\"valueRequired\":true,\"valueName\":\"search_term_string\"}}],\"inLanguage\":\"tr\"}]}<\/script>\n<!-- \/ Yoast SEO plugin. -->","yoast_head_json":{"title":"Kokulu mum, sabun & ta\u015f \u00fcretimi i\u00e7in esanslar - NOFLA Fragrance - K\u0131br\u0131s","description":"Kokulu mum, kokulu sabun ve ta\u015f \u00fcretimi i\u00e7in on binlerce koku ve kombinasyonlar\u0131, soya wax, parafin, fitil NOFLA Fragrance ile K\u0131br\u0131s'ta.","robots":{"index":"index","follow":"follow","max-snippet":"max-snippet:-1","max-image-preview":"max-image-preview:large","max-video-preview":"max-video-preview:-1"},"canonical":"https:\/\/noflatrading.com\/fragrance\/kokulu-dekorasyon-urunleri\/","og_locale":"tr_TR","og_type":"article","og_title":"Kokulu mum, sabun & ta\u015f \u00fcretimi i\u00e7in esanslar - NOFLA Fragrance - K\u0131br\u0131s","og_description":"Kokulu mum, kokulu sabun ve ta\u015f \u00fcretimi i\u00e7in on binlerce koku ve kombinasyonlar\u0131, soya wax, parafin, fitil NOFLA Fragrance ile K\u0131br\u0131s'ta.","og_url":"https:\/\/noflatrading.com\/fragrance\/kokulu-dekorasyon-urunleri\/","og_site_name":"NOFLA FRAGRANCE","article_modified_time":"2021-03-14T19:26:08+00:00","twitter_card":"summary_large_image","twitter_misc":{"Tahmini okuma s\u00fcresi":"1 dakika"},"schema":{"@context":"https:\/\/schema.org","@graph":[{"@type":"WebPage","@id":"https:\/\/noflatrading.com\/fragrance\/kokulu-dekorasyon-urunleri\/","url":"https:\/\/noflatrading.com\/fragrance\/kokulu-dekorasyon-urunleri\/","name":"Kokulu mum, sabun & ta\u015f \u00fcretimi i\u00e7in esanslar - NOFLA Fragrance - K\u0131br\u0131s","isPartOf":{"@id":"https:\/\/noflatrading.com\/fragrance\/#website"},"datePublished":"2021-03-14T12:36:26+00:00","dateModified":"2021-03-14T19:26:08+00:00","description":"Kokulu mum, kokulu sabun ve ta\u015f \u00fcretimi i\u00e7in on binlerce koku ve kombinasyonlar\u0131, soya wax, parafin, fitil NOFLA Fragrance ile K\u0131br\u0131s'ta.","breadcrumb":{"@id":"https:\/\/noflatrading.com\/fragrance\/kokulu-dekorasyon-urunleri\/#breadcrumb"},"inLanguage":"tr","potentialAction":[{"@type":"ReadAction","target":["https:\/\/noflatrading.com\/fragrance\/kokulu-dekorasyon-urunleri\/"]}]},{"@type":"BreadcrumbList","@id":"https:\/\/noflatrading.com\/fragrance\/kokulu-dekorasyon-urunleri\/#breadcrumb","itemListElement":[{"@type":"ListItem","position":1,"name":"Anasayfa","item":"https:\/\/noflatrading.com\/fragrance\/"},{"@type":"ListItem","position":2,"name":"Kokulu Dekorasyon \u00dcr\u00fcnleri"}]},{"@type":"WebSite","@id":"https:\/\/noflatrading.com\/fragrance\/#website","url":"https:\/\/noflatrading.com\/fragrance\/","name":"NOFLA FRAGRANCE","description":"Parf\u00fcm, kozmetik, temizlik \u00fcr\u00fcnleri \u00fcretimi i\u00e7in esanslar.","potentialAction":[{"@type":"SearchAction","target":{"@type":"EntryPoint","urlTemplate":"https:\/\/noflatrading.com\/fragrance\/?s={search_term_string}"},"query-input":{"@type":"PropertyValueSpecification","valueRequired":true,"valueName":"search_term_string"}}],"inLanguage":"tr"}]}},"_links":{"self":[{"href":"https:\/\/noflatrading.com\/fragrance\/wp-json\/wp\/v2\/pages\/7108","targetHints":{"allow":["GET"]}}],"collection":[{"href":"https:\/\/noflatrading.com\/fragrance\/wp-json\/wp\/v2\/pages"}],"about":[{"href":"https:\/\/noflatrading.com\/fragrance\/wp-json\/wp\/v2\/types\/page"}],"author":[{"embeddable":true,"href":"https:\/\/noflatrading.com\/fragrance\/wp-json\/wp\/v2\/users\/1"}],"replies":[{"embeddable":true,"href":"https:\/\/noflatrading.com\/fragrance\/wp-json\/wp\/v2\/comments?post=7108"}],"version-history":[{"count":4,"href":"https:\/\/noflatrading.com\/fragrance\/wp-json\/wp\/v2\/pages\/7108\/revisions"}],"predecessor-version":[{"id":7128,"href":"https:\/\/noflatrading.com\/fragrance\/wp-json\/wp\/v2\/pages\/7108\/revisions\/7128"}],"wp:attachment":[{"href":"https:\/\/noflatrading.com\/fragrance\/wp-json\/wp\/v2\/media?parent=7108"}],"curies":[{"name":"wp","href":"https:\/\/api.w.org\/{rel}","templated":true}]}}