{"id":7082,"date":"2021-03-10T15:37:08","date_gmt":"2021-03-10T13:37:08","guid":{"rendered":"http:\/\/noflatrading.com\/fragrance\/?page_id=7082"},"modified":"2021-03-14T21:26:51","modified_gmt":"2021-03-14T19:26:51","slug":"temizlik-urunleri","status":"publish","type":"page","link":"https:\/\/noflatrading.com\/fragrance\/temizlik-urunleri\/","title":{"rendered":"Temizlik \u00dcr\u00fcnleri"},"content":{"rendered":"<p>[vc_row padding_top=&#8221;5&#8243; padding_bottom=&#8221;5&#8243;][vc_column][vc_single_image image=&#8221;7086&#8243; img_size=&#8221;full&#8221; alignment=&#8221;center&#8221;][\/vc_column][\/vc_row][vc_row padding_top=&#8221;5&#8243;][vc_column][vc_column_text]Temizlik \u00dcr\u00fcnleri \u00fcrretimi i\u00e7in geni\u015f koku yelpazesine sahip k\u00fct\u00fcphanemizle ortam kokuland\u0131rma, \u00e7ama\u015f\u0131r, bak\u0131m ve ya\u015fam alanlar\u0131n\u0131n temizli\u011fini sa\u011flayan t\u00fcm alt segmentlerin i\u015flevsel ihtiya\u00e7lar\u0131na \u00f6zel t\u00fcketici beklentilerine uygun \u00e7\u00f6z\u00fcmler sunuyoruz.<\/p>\n<p>Y\u00fczey temizleyici, deterjan, yumu\u015fat\u0131c\u0131, bula\u015f\u0131k deterjan\u0131, mutfak ve banyo temizleyicileri \u00fcretimi i\u00e7in taleplerinize ve sekt\u00f6rel trendlere uygun binlerce koku alternatifini sizlerle bulu\u015fturuyoruz.<\/p>\n<p>T\u00fcketici tercihleri ve pazar analizleri stratejilerimizin temelini olu\u015ftururken, m\u00fc\u015fteri beklentilerinin \u00f6tesine ge\u00e7mek i\u00e7in yarat\u0131c\u0131l\u0131\u011f\u0131m\u0131z\u0131 kullan\u0131yoruz.<\/p>\n<p><a href=\"http:\/\/seluz.com\">Seluz<\/a>&#8216;un geni\u015f \u00fcr\u00fcn yelpazesi ve tecr\u00fcbesi ile \u00fcretti\u011fi koku ve koku kombinasyonlar\u0131n\u0131 K\u0131br\u0131s&#8217;\u0131n \u00fcreticileri ile bulu\u015fturuyoruz.[\/vc_column_text][vc_row_inner][vc_column_inner width=&#8221;1\/2&#8243;][vc_single_image image=&#8221;7103&#8243; alignment=&#8221;center&#8221;][\/vc_column_inner][vc_column_inner width=&#8221;1\/2&#8243;][vc_single_image image=&#8221;7104&#8243; alignment=&#8221;center&#8221;][\/vc_column_inner][\/vc_row_inner][vc_column_text]Bula\u015f\u0131k ve \u00e7ama\u015f\u0131r deterjanlar\u0131, y\u00fczey temizleyiciler, s\u0131v\u0131 veya kat\u0131 sabun, yumu\u015fat\u0131c\u0131 ve mutfak, banyo temizleyicileri \u00fcretimi alan\u0131nda \u00e7al\u0131\u015fmalar\u0131n\u0131z var ya da bu alanda \u00e7al\u0131\u015fmalara ba\u015flamak istiyorsan\u0131z tam olmas\u0131 gerekti\u011fi yerdesiniz.<\/p>\n<p>Bu alandaki esans \u00fcr\u00fcnlerimizden numune ve bilgi talep etmek i\u00e7in NOFLA Koku At\u00f6lyesine <strong><a href=\"https:\/\/noflatrading.com\/fragrance\/koku-atolyesi\/\">buraya t\u0131klayarak<\/a><\/strong> ula\u015fabilirsiniz.[\/vc_column_text][\/vc_column][\/vc_row]<\/p>\n","protected":false},"excerpt":{"rendered":"<p>[vc_row padding_top=&#8221;5&#8243; padding_bottom=&#8221;5&#8243;][vc_column][vc_single_image image=&#8221;7086&#8243; img_size=&#8221;full&#8221; alignment=&#8221;center&#8221;][\/vc_column][\/vc_row][vc_row padding_top=&#8221;5&#8243;][vc_column][vc_column_text]Temizlik \u00dcr\u00fcnleri \u00fcrretimi i\u00e7in geni\u015f koku yelpazesine sahip k\u00fct\u00fcphanemizle ortam kokuland\u0131rma, \u00e7ama\u015f\u0131r, bak\u0131m ve ya\u015fam alanlar\u0131n\u0131n temizli\u011fini sa\u011flayan t\u00fcm alt segmentlerin i\u015flevsel ihtiya\u00e7lar\u0131na \u00f6zel t\u00fcketici beklentilerine uygun \u00e7\u00f6z\u00fcmler sunuyoruz. Y\u00fczey temizleyici, deterjan, yumu\u015fat\u0131c\u0131, bula\u015f\u0131k deterjan\u0131, mutfak ve banyo temizleyicileri \u00fcretimi i\u00e7in taleplerinize ve sekt\u00f6rel trendlere uygun binlerce koku alternatifini sizlerle bulu\u015fturuyoruz. T\u00fcketici tercihleri ve [&hellip;]<\/p>\n","protected":false},"author":1,"featured_media":0,"parent":0,"menu_order":0,"comment_status":"closed","ping_status":"closed","template":"","meta":{"_joinchat":{"telephone":"+905338645584","message_text":"WhatsApp arac\u0131l\u0131\u011f\u0131 ile ileti\u015fime ge\u00e7in.","message_send":"Merhaba, Temizlik \u00fcr\u00fcnleri \u00fcretimi konusunda bilgi almak istiyorum.","view":"yes"},"footnotes":""},"class_list":["post-7082","page","type-page","status-publish","hentry"],"yoast_head":"<!-- This site is optimized with the Yoast SEO plugin v27.4 - https:\/\/yoast.com\/product\/yoast-seo-wordpress\/ -->\n<title>Temizlik \u00dcr\u00fcnleri \u00fcretimi i\u00e7in esanslar - NOFLA Fragrance - K\u0131br\u0131s<\/title>\n<meta name=\"description\" content=\"Temizlik \u00dcr\u00fcnleri \u00fcretimi i\u00e7in on binlerce koku ve koku kombinasyonlar\u0131, esanslar NOFLA Fragrance ile Kuzey K\u0131br\u0131s&#039;ta. Deterjan, Yumu\u015fat\u0131c\u0131\" \/>\n<meta name=\"robots\" content=\"index, follow, max-snippet:-1, max-image-preview:large, max-video-preview:-1\" \/>\n<link rel=\"canonical\" href=\"https:\/\/noflatrading.com\/fragrance\/temizlik-urunleri\/\" \/>\n<meta property=\"og:locale\" content=\"tr_TR\" \/>\n<meta property=\"og:type\" content=\"article\" \/>\n<meta property=\"og:title\" content=\"Temizlik \u00dcr\u00fcnleri \u00fcretimi i\u00e7in esanslar - NOFLA Fragrance - K\u0131br\u0131s\" \/>\n<meta property=\"og:description\" content=\"Temizlik \u00dcr\u00fcnleri \u00fcretimi i\u00e7in on binlerce koku ve koku kombinasyonlar\u0131, esanslar NOFLA Fragrance ile Kuzey K\u0131br\u0131s&#039;ta. Deterjan, Yumu\u015fat\u0131c\u0131\" \/>\n<meta property=\"og:url\" content=\"https:\/\/noflatrading.com\/fragrance\/temizlik-urunleri\/\" \/>\n<meta property=\"og:site_name\" content=\"NOFLA FRAGRANCE\" \/>\n<meta property=\"article:modified_time\" content=\"2021-03-14T19:26:51+00:00\" \/>\n<meta name=\"twitter:card\" content=\"summary_large_image\" \/>\n<meta name=\"twitter:label1\" content=\"Tahmini okuma s\u00fcresi\" \/>\n\t<meta name=\"twitter:data1\" content=\"1 dakika\" \/>\n<script type=\"application\/ld+json\" class=\"yoast-schema-graph\">{\"@context\":\"https:\\\/\\\/schema.org\",\"@graph\":[{\"@type\":\"WebPage\",\"@id\":\"https:\\\/\\\/noflatrading.com\\\/fragrance\\\/temizlik-urunleri\\\/\",\"url\":\"https:\\\/\\\/noflatrading.com\\\/fragrance\\\/temizlik-urunleri\\\/\",\"name\":\"Temizlik \u00dcr\u00fcnleri \u00fcretimi i\u00e7in esanslar - NOFLA Fragrance - K\u0131br\u0131s\",\"isPartOf\":{\"@id\":\"https:\\\/\\\/noflatrading.com\\\/fragrance\\\/#website\"},\"datePublished\":\"2021-03-10T13:37:08+00:00\",\"dateModified\":\"2021-03-14T19:26:51+00:00\",\"description\":\"Temizlik \u00dcr\u00fcnleri \u00fcretimi i\u00e7in on binlerce koku ve koku kombinasyonlar\u0131, esanslar NOFLA Fragrance ile Kuzey K\u0131br\u0131s'ta. Deterjan, Yumu\u015fat\u0131c\u0131\",\"breadcrumb\":{\"@id\":\"https:\\\/\\\/noflatrading.com\\\/fragrance\\\/temizlik-urunleri\\\/#breadcrumb\"},\"inLanguage\":\"tr\",\"potentialAction\":[{\"@type\":\"ReadAction\",\"target\":[\"https:\\\/\\\/noflatrading.com\\\/fragrance\\\/temizlik-urunleri\\\/\"]}]},{\"@type\":\"BreadcrumbList\",\"@id\":\"https:\\\/\\\/noflatrading.com\\\/fragrance\\\/temizlik-urunleri\\\/#breadcrumb\",\"itemListElement\":[{\"@type\":\"ListItem\",\"position\":1,\"name\":\"Anasayfa\",\"item\":\"https:\\\/\\\/noflatrading.com\\\/fragrance\\\/\"},{\"@type\":\"ListItem\",\"position\":2,\"name\":\"Temizlik \u00dcr\u00fcnleri\"}]},{\"@type\":\"WebSite\",\"@id\":\"https:\\\/\\\/noflatrading.com\\\/fragrance\\\/#website\",\"url\":\"https:\\\/\\\/noflatrading.com\\\/fragrance\\\/\",\"name\":\"NOFLA FRAGRANCE\",\"description\":\"Parf\u00fcm, kozmetik, temizlik \u00fcr\u00fcnleri \u00fcretimi i\u00e7in esanslar.\",\"potentialAction\":[{\"@type\":\"SearchAction\",\"target\":{\"@type\":\"EntryPoint\",\"urlTemplate\":\"https:\\\/\\\/noflatrading.com\\\/fragrance\\\/?s={search_term_string}\"},\"query-input\":{\"@type\":\"PropertyValueSpecification\",\"valueRequired\":true,\"valueName\":\"search_term_string\"}}],\"inLanguage\":\"tr\"}]}<\/script>\n<!-- \/ Yoast SEO plugin. -->","yoast_head_json":{"title":"Temizlik \u00dcr\u00fcnleri \u00fcretimi i\u00e7in esanslar - NOFLA Fragrance - K\u0131br\u0131s","description":"Temizlik \u00dcr\u00fcnleri \u00fcretimi i\u00e7in on binlerce koku ve koku kombinasyonlar\u0131, esanslar NOFLA Fragrance ile Kuzey K\u0131br\u0131s'ta. Deterjan, Yumu\u015fat\u0131c\u0131","robots":{"index":"index","follow":"follow","max-snippet":"max-snippet:-1","max-image-preview":"max-image-preview:large","max-video-preview":"max-video-preview:-1"},"canonical":"https:\/\/noflatrading.com\/fragrance\/temizlik-urunleri\/","og_locale":"tr_TR","og_type":"article","og_title":"Temizlik \u00dcr\u00fcnleri \u00fcretimi i\u00e7in esanslar - NOFLA Fragrance - K\u0131br\u0131s","og_description":"Temizlik \u00dcr\u00fcnleri \u00fcretimi i\u00e7in on binlerce koku ve koku kombinasyonlar\u0131, esanslar NOFLA Fragrance ile Kuzey K\u0131br\u0131s'ta. Deterjan, Yumu\u015fat\u0131c\u0131","og_url":"https:\/\/noflatrading.com\/fragrance\/temizlik-urunleri\/","og_site_name":"NOFLA FRAGRANCE","article_modified_time":"2021-03-14T19:26:51+00:00","twitter_card":"summary_large_image","twitter_misc":{"Tahmini okuma s\u00fcresi":"1 dakika"},"schema":{"@context":"https:\/\/schema.org","@graph":[{"@type":"WebPage","@id":"https:\/\/noflatrading.com\/fragrance\/temizlik-urunleri\/","url":"https:\/\/noflatrading.com\/fragrance\/temizlik-urunleri\/","name":"Temizlik \u00dcr\u00fcnleri \u00fcretimi i\u00e7in esanslar - NOFLA Fragrance - K\u0131br\u0131s","isPartOf":{"@id":"https:\/\/noflatrading.com\/fragrance\/#website"},"datePublished":"2021-03-10T13:37:08+00:00","dateModified":"2021-03-14T19:26:51+00:00","description":"Temizlik \u00dcr\u00fcnleri \u00fcretimi i\u00e7in on binlerce koku ve koku kombinasyonlar\u0131, esanslar NOFLA Fragrance ile Kuzey K\u0131br\u0131s'ta. Deterjan, Yumu\u015fat\u0131c\u0131","breadcrumb":{"@id":"https:\/\/noflatrading.com\/fragrance\/temizlik-urunleri\/#breadcrumb"},"inLanguage":"tr","potentialAction":[{"@type":"ReadAction","target":["https:\/\/noflatrading.com\/fragrance\/temizlik-urunleri\/"]}]},{"@type":"BreadcrumbList","@id":"https:\/\/noflatrading.com\/fragrance\/temizlik-urunleri\/#breadcrumb","itemListElement":[{"@type":"ListItem","position":1,"name":"Anasayfa","item":"https:\/\/noflatrading.com\/fragrance\/"},{"@type":"ListItem","position":2,"name":"Temizlik \u00dcr\u00fcnleri"}]},{"@type":"WebSite","@id":"https:\/\/noflatrading.com\/fragrance\/#website","url":"https:\/\/noflatrading.com\/fragrance\/","name":"NOFLA FRAGRANCE","description":"Parf\u00fcm, kozmetik, temizlik \u00fcr\u00fcnleri \u00fcretimi i\u00e7in esanslar.","potentialAction":[{"@type":"SearchAction","target":{"@type":"EntryPoint","urlTemplate":"https:\/\/noflatrading.com\/fragrance\/?s={search_term_string}"},"query-input":{"@type":"PropertyValueSpecification","valueRequired":true,"valueName":"search_term_string"}}],"inLanguage":"tr"}]}},"_links":{"self":[{"href":"https:\/\/noflatrading.com\/fragrance\/wp-json\/wp\/v2\/pages\/7082","targetHints":{"allow":["GET"]}}],"collection":[{"href":"https:\/\/noflatrading.com\/fragrance\/wp-json\/wp\/v2\/pages"}],"about":[{"href":"https:\/\/noflatrading.com\/fragrance\/wp-json\/wp\/v2\/types\/page"}],"author":[{"embeddable":true,"href":"https:\/\/noflatrading.com\/fragrance\/wp-json\/wp\/v2\/users\/1"}],"replies":[{"embeddable":true,"href":"https:\/\/noflatrading.com\/fragrance\/wp-json\/wp\/v2\/comments?post=7082"}],"version-history":[{"count":8,"href":"https:\/\/noflatrading.com\/fragrance\/wp-json\/wp\/v2\/pages\/7082\/revisions"}],"predecessor-version":[{"id":7129,"href":"https:\/\/noflatrading.com\/fragrance\/wp-json\/wp\/v2\/pages\/7082\/revisions\/7129"}],"wp:attachment":[{"href":"https:\/\/noflatrading.com\/fragrance\/wp-json\/wp\/v2\/media?parent=7082"}],"curies":[{"name":"wp","href":"https:\/\/api.w.org\/{rel}","templated":true}]}}