{"id":7073,"date":"2021-03-09T16:34:37","date_gmt":"2021-03-09T14:34:37","guid":{"rendered":"http:\/\/noflatrading.com\/fragrance\/?page_id=7073"},"modified":"2021-03-14T21:27:28","modified_gmt":"2021-03-14T19:27:28","slug":"kisisel-bakim-urunleri","status":"publish","type":"page","link":"https:\/\/noflatrading.com\/fragrance\/kisisel-bakim-urunleri\/","title":{"rendered":"Ki\u015fisel Bak\u0131m \u00dcr\u00fcnleri"},"content":{"rendered":"<p>[vc_row padding_top=&#8221;5&#8243; padding_bottom=&#8221;5&#8243;][vc_column][vc_single_image image=&#8221;7075&#8243; img_size=&#8221;full&#8221; alignment=&#8221;center&#8221;][\/vc_column][\/vc_row][vc_row padding_top=&#8221;5&#8243;][vc_column][vc_column_text]Ki\u015fisel bak\u0131m \u00fcr\u00fcnleri kategorisinde <a href=\"http:\/\/seluz.com\">Seluz<\/a>&#8216;un zengin k\u00fct\u00fcphanesi ve yarat\u0131c\u0131 parf\u00fcmeri ekibiyle sa\u00e7, v\u00fccut ve cilt bak\u0131m \u00fcr\u00fcnleri i\u00e7in benzersiz koku \u00e7\u00f6z\u00fcmleri sunuyoruz.<\/p>\n<p>D\u00fcnya kozmetik \u00fcr\u00fcnleri pazarlar\u0131ndaki trendleri yak\u0131ndan takip ederek m\u00fc\u015fteri ihtiya\u00e7lar\u0131n\u0131 \u00f6ng\u00f6r\u00fcyor. Ayr\u0131ca konusunda uzman Seluz parf\u00fcmeri ekibiyle kreatif koku bile\u015fenleri geli\u015ftirerek fark yaratan \u00e7\u00f6z\u00fcmlerimizle m\u00fc\u015fterilerimizin \u00fcr\u00fcn geli\u015ftirme s\u00fcre\u00e7lerine de\u011fer katmaya devam ediyoruz.[\/vc_column_text][vc_row_inner][vc_column_inner width=&#8221;1\/2&#8243;][vc_single_image image=&#8221;7096&#8243; alignment=&#8221;center&#8221;][\/vc_column_inner][vc_column_inner width=&#8221;1\/2&#8243;][vc_single_image image=&#8221;7097&#8243; alignment=&#8221;center&#8221;][\/vc_column_inner][\/vc_row_inner][vc_column_text]Sa\u00e7 bak\u0131m\u0131, cilt bak\u0131m\u0131, cilt temizli\u011fi, deodorant, erkek bak\u0131m, bebek bak\u0131m ve \u0131slak mendil \u00fcretimi alan\u0131nda \u00e7al\u0131\u015fmalar\u0131n\u0131z var ya da bu alanda \u00e7al\u0131\u015fmalara ba\u015flamak istiyorsan\u0131z tam olmas\u0131 gerekti\u011fi yerdesiniz.<\/p>\n<p>Bu alandaki esans \u00fcr\u00fcnlerimizden numune ve bilgi talep etmek i\u00e7in NOFLA Koku At\u00f6lyesine <strong><a href=\"https:\/\/noflatrading.com\/fragrance\/koku-atolyesi\/\">buraya t\u0131klayarak<\/a><\/strong> ula\u015fabilirsiniz.[\/vc_column_text][\/vc_column][\/vc_row]<\/p>\n","protected":false},"excerpt":{"rendered":"<p>[vc_row padding_top=&#8221;5&#8243; padding_bottom=&#8221;5&#8243;][vc_column][vc_single_image image=&#8221;7075&#8243; img_size=&#8221;full&#8221; alignment=&#8221;center&#8221;][\/vc_column][\/vc_row][vc_row padding_top=&#8221;5&#8243;][vc_column][vc_column_text]Ki\u015fisel bak\u0131m \u00fcr\u00fcnleri kategorisinde Seluz&#8216;un zengin k\u00fct\u00fcphanesi ve yarat\u0131c\u0131 parf\u00fcmeri ekibiyle sa\u00e7, v\u00fccut ve cilt bak\u0131m \u00fcr\u00fcnleri i\u00e7in benzersiz koku \u00e7\u00f6z\u00fcmleri sunuyoruz. D\u00fcnya kozmetik \u00fcr\u00fcnleri pazarlar\u0131ndaki trendleri yak\u0131ndan takip ederek m\u00fc\u015fteri ihtiya\u00e7lar\u0131n\u0131 \u00f6ng\u00f6r\u00fcyor. Ayr\u0131ca konusunda uzman Seluz parf\u00fcmeri ekibiyle kreatif koku bile\u015fenleri geli\u015ftirerek fark yaratan \u00e7\u00f6z\u00fcmlerimizle m\u00fc\u015fterilerimizin \u00fcr\u00fcn geli\u015ftirme s\u00fcre\u00e7lerine de\u011fer katmaya devam ediyoruz.[\/vc_column_text][vc_row_inner][vc_column_inner [&hellip;]<\/p>\n","protected":false},"author":1,"featured_media":0,"parent":0,"menu_order":0,"comment_status":"closed","ping_status":"closed","template":"","meta":{"_joinchat":{"telephone":"+905338645584","message_text":"WhatsApp arac\u0131l\u0131\u011f\u0131 ile ileti\u015fime ge\u00e7in.","message_send":"Merhaba, ki\u015fisel bak\u0131m \u00fcr\u00fcnleri \u00fcretimi hakk\u0131nda bilgi almak istiyorum.","view":"yes"},"footnotes":""},"class_list":["post-7073","page","type-page","status-publish","hentry"],"yoast_head":"<!-- This site is optimized with the Yoast SEO plugin v27.4 - https:\/\/yoast.com\/product\/yoast-seo-wordpress\/ -->\n<title>Ki\u015fisel Bak\u0131m \u00fcr\u00fcnleri \u00fcretimi i\u00e7in esanslar - NOFLA Fragrance - K\u0131br\u0131s<\/title>\n<meta name=\"description\" content=\"Ki\u015fisel bak\u0131m \u00fcr\u00fcnleri \u00fcretimi i\u00e7in on binlerce koku ve koku kombinasyonlar\u0131 NOFLA Fragrance ile K\u0131br\u0131s&#039;ta. Sa\u00e7, Cilt, Bebek, Erkek Bak\u0131m\" \/>\n<meta name=\"robots\" content=\"index, follow, max-snippet:-1, max-image-preview:large, max-video-preview:-1\" \/>\n<link rel=\"canonical\" href=\"https:\/\/noflatrading.com\/fragrance\/kisisel-bakim-urunleri\/\" \/>\n<meta property=\"og:locale\" content=\"tr_TR\" \/>\n<meta property=\"og:type\" content=\"article\" \/>\n<meta property=\"og:title\" content=\"Ki\u015fisel Bak\u0131m \u00fcr\u00fcnleri \u00fcretimi i\u00e7in esanslar - NOFLA Fragrance - K\u0131br\u0131s\" \/>\n<meta property=\"og:description\" content=\"Ki\u015fisel bak\u0131m \u00fcr\u00fcnleri \u00fcretimi i\u00e7in on binlerce koku ve koku kombinasyonlar\u0131 NOFLA Fragrance ile K\u0131br\u0131s&#039;ta. Sa\u00e7, Cilt, Bebek, Erkek Bak\u0131m\" \/>\n<meta property=\"og:url\" content=\"https:\/\/noflatrading.com\/fragrance\/kisisel-bakim-urunleri\/\" \/>\n<meta property=\"og:site_name\" content=\"NOFLA FRAGRANCE\" \/>\n<meta property=\"article:modified_time\" content=\"2021-03-14T19:27:28+00:00\" \/>\n<meta name=\"twitter:card\" content=\"summary_large_image\" \/>\n<meta name=\"twitter:label1\" content=\"Tahmini okuma s\u00fcresi\" \/>\n\t<meta name=\"twitter:data1\" content=\"1 dakika\" \/>\n<script type=\"application\/ld+json\" class=\"yoast-schema-graph\">{\"@context\":\"https:\\\/\\\/schema.org\",\"@graph\":[{\"@type\":\"WebPage\",\"@id\":\"https:\\\/\\\/noflatrading.com\\\/fragrance\\\/kisisel-bakim-urunleri\\\/\",\"url\":\"https:\\\/\\\/noflatrading.com\\\/fragrance\\\/kisisel-bakim-urunleri\\\/\",\"name\":\"Ki\u015fisel Bak\u0131m \u00fcr\u00fcnleri \u00fcretimi i\u00e7in esanslar - NOFLA Fragrance - K\u0131br\u0131s\",\"isPartOf\":{\"@id\":\"https:\\\/\\\/noflatrading.com\\\/fragrance\\\/#website\"},\"datePublished\":\"2021-03-09T14:34:37+00:00\",\"dateModified\":\"2021-03-14T19:27:28+00:00\",\"description\":\"Ki\u015fisel bak\u0131m \u00fcr\u00fcnleri \u00fcretimi i\u00e7in on binlerce koku ve koku kombinasyonlar\u0131 NOFLA Fragrance ile K\u0131br\u0131s'ta. Sa\u00e7, Cilt, Bebek, Erkek Bak\u0131m\",\"breadcrumb\":{\"@id\":\"https:\\\/\\\/noflatrading.com\\\/fragrance\\\/kisisel-bakim-urunleri\\\/#breadcrumb\"},\"inLanguage\":\"tr\",\"potentialAction\":[{\"@type\":\"ReadAction\",\"target\":[\"https:\\\/\\\/noflatrading.com\\\/fragrance\\\/kisisel-bakim-urunleri\\\/\"]}]},{\"@type\":\"BreadcrumbList\",\"@id\":\"https:\\\/\\\/noflatrading.com\\\/fragrance\\\/kisisel-bakim-urunleri\\\/#breadcrumb\",\"itemListElement\":[{\"@type\":\"ListItem\",\"position\":1,\"name\":\"Anasayfa\",\"item\":\"https:\\\/\\\/noflatrading.com\\\/fragrance\\\/\"},{\"@type\":\"ListItem\",\"position\":2,\"name\":\"Ki\u015fisel Bak\u0131m \u00dcr\u00fcnleri\"}]},{\"@type\":\"WebSite\",\"@id\":\"https:\\\/\\\/noflatrading.com\\\/fragrance\\\/#website\",\"url\":\"https:\\\/\\\/noflatrading.com\\\/fragrance\\\/\",\"name\":\"NOFLA FRAGRANCE\",\"description\":\"Parf\u00fcm, kozmetik, temizlik \u00fcr\u00fcnleri \u00fcretimi i\u00e7in esanslar.\",\"potentialAction\":[{\"@type\":\"SearchAction\",\"target\":{\"@type\":\"EntryPoint\",\"urlTemplate\":\"https:\\\/\\\/noflatrading.com\\\/fragrance\\\/?s={search_term_string}\"},\"query-input\":{\"@type\":\"PropertyValueSpecification\",\"valueRequired\":true,\"valueName\":\"search_term_string\"}}],\"inLanguage\":\"tr\"}]}<\/script>\n<!-- \/ Yoast SEO plugin. -->","yoast_head_json":{"title":"Ki\u015fisel Bak\u0131m \u00fcr\u00fcnleri \u00fcretimi i\u00e7in esanslar - NOFLA Fragrance - K\u0131br\u0131s","description":"Ki\u015fisel bak\u0131m \u00fcr\u00fcnleri \u00fcretimi i\u00e7in on binlerce koku ve koku kombinasyonlar\u0131 NOFLA Fragrance ile K\u0131br\u0131s'ta. Sa\u00e7, Cilt, Bebek, Erkek Bak\u0131m","robots":{"index":"index","follow":"follow","max-snippet":"max-snippet:-1","max-image-preview":"max-image-preview:large","max-video-preview":"max-video-preview:-1"},"canonical":"https:\/\/noflatrading.com\/fragrance\/kisisel-bakim-urunleri\/","og_locale":"tr_TR","og_type":"article","og_title":"Ki\u015fisel Bak\u0131m \u00fcr\u00fcnleri \u00fcretimi i\u00e7in esanslar - NOFLA Fragrance - K\u0131br\u0131s","og_description":"Ki\u015fisel bak\u0131m \u00fcr\u00fcnleri \u00fcretimi i\u00e7in on binlerce koku ve koku kombinasyonlar\u0131 NOFLA Fragrance ile K\u0131br\u0131s'ta. Sa\u00e7, Cilt, Bebek, Erkek Bak\u0131m","og_url":"https:\/\/noflatrading.com\/fragrance\/kisisel-bakim-urunleri\/","og_site_name":"NOFLA FRAGRANCE","article_modified_time":"2021-03-14T19:27:28+00:00","twitter_card":"summary_large_image","twitter_misc":{"Tahmini okuma s\u00fcresi":"1 dakika"},"schema":{"@context":"https:\/\/schema.org","@graph":[{"@type":"WebPage","@id":"https:\/\/noflatrading.com\/fragrance\/kisisel-bakim-urunleri\/","url":"https:\/\/noflatrading.com\/fragrance\/kisisel-bakim-urunleri\/","name":"Ki\u015fisel Bak\u0131m \u00fcr\u00fcnleri \u00fcretimi i\u00e7in esanslar - NOFLA Fragrance - K\u0131br\u0131s","isPartOf":{"@id":"https:\/\/noflatrading.com\/fragrance\/#website"},"datePublished":"2021-03-09T14:34:37+00:00","dateModified":"2021-03-14T19:27:28+00:00","description":"Ki\u015fisel bak\u0131m \u00fcr\u00fcnleri \u00fcretimi i\u00e7in on binlerce koku ve koku kombinasyonlar\u0131 NOFLA Fragrance ile K\u0131br\u0131s'ta. Sa\u00e7, Cilt, Bebek, Erkek Bak\u0131m","breadcrumb":{"@id":"https:\/\/noflatrading.com\/fragrance\/kisisel-bakim-urunleri\/#breadcrumb"},"inLanguage":"tr","potentialAction":[{"@type":"ReadAction","target":["https:\/\/noflatrading.com\/fragrance\/kisisel-bakim-urunleri\/"]}]},{"@type":"BreadcrumbList","@id":"https:\/\/noflatrading.com\/fragrance\/kisisel-bakim-urunleri\/#breadcrumb","itemListElement":[{"@type":"ListItem","position":1,"name":"Anasayfa","item":"https:\/\/noflatrading.com\/fragrance\/"},{"@type":"ListItem","position":2,"name":"Ki\u015fisel Bak\u0131m \u00dcr\u00fcnleri"}]},{"@type":"WebSite","@id":"https:\/\/noflatrading.com\/fragrance\/#website","url":"https:\/\/noflatrading.com\/fragrance\/","name":"NOFLA FRAGRANCE","description":"Parf\u00fcm, kozmetik, temizlik \u00fcr\u00fcnleri \u00fcretimi i\u00e7in esanslar.","potentialAction":[{"@type":"SearchAction","target":{"@type":"EntryPoint","urlTemplate":"https:\/\/noflatrading.com\/fragrance\/?s={search_term_string}"},"query-input":{"@type":"PropertyValueSpecification","valueRequired":true,"valueName":"search_term_string"}}],"inLanguage":"tr"}]}},"_links":{"self":[{"href":"https:\/\/noflatrading.com\/fragrance\/wp-json\/wp\/v2\/pages\/7073","targetHints":{"allow":["GET"]}}],"collection":[{"href":"https:\/\/noflatrading.com\/fragrance\/wp-json\/wp\/v2\/pages"}],"about":[{"href":"https:\/\/noflatrading.com\/fragrance\/wp-json\/wp\/v2\/types\/page"}],"author":[{"embeddable":true,"href":"https:\/\/noflatrading.com\/fragrance\/wp-json\/wp\/v2\/users\/1"}],"replies":[{"embeddable":true,"href":"https:\/\/noflatrading.com\/fragrance\/wp-json\/wp\/v2\/comments?post=7073"}],"version-history":[{"count":12,"href":"https:\/\/noflatrading.com\/fragrance\/wp-json\/wp\/v2\/pages\/7073\/revisions"}],"predecessor-version":[{"id":7130,"href":"https:\/\/noflatrading.com\/fragrance\/wp-json\/wp\/v2\/pages\/7073\/revisions\/7130"}],"wp:attachment":[{"href":"https:\/\/noflatrading.com\/fragrance\/wp-json\/wp\/v2\/media?parent=7073"}],"curies":[{"name":"wp","href":"https:\/\/api.w.org\/{rel}","templated":true}]}}