{"id":7062,"date":"2021-03-06T17:09:25","date_gmt":"2021-03-06T15:09:25","guid":{"rendered":"http:\/\/noflatrading.com\/fragrance\/?page_id=7062"},"modified":"2021-03-14T21:28:09","modified_gmt":"2021-03-14T19:28:09","slug":"parfum","status":"publish","type":"page","link":"https:\/\/noflatrading.com\/fragrance\/parfum\/","title":{"rendered":"Parf\u00fcm"},"content":{"rendered":"<p>[vc_row padding_top=&#8221;5&#8243; padding_bottom=&#8221;5&#8243;][vc_column][vc_single_image image=&#8221;7068&#8243; img_size=&#8221;full&#8221; alignment=&#8221;center&#8221;][\/vc_column][\/vc_row][vc_row padding_top=&#8221;5&#8243;][vc_column][vc_column_text]Parf\u00fcm \u00fcretimi i\u00e7in <a href=\"http:\/\/seluz.com\">Seluz<\/a>&#8216;un d\u00fcnyaca \u00fcnl\u00fc k\u0131demli parf\u00fcm\u00f6rleri, parf\u00fcm alan\u0131nda \u201cduyular\u0131n \u00f6tesine\u201d dokunacak en \u00f6zg\u00fcn ve ilham verici koku kombinasyonlar\u0131n\u0131 olu\u015fturmak i\u00e7in s\u0131n\u0131rlar\u0131 zorluyor.<\/p>\n<p>Say\u0131s\u0131 on binleri bulan koku ve koku kombinasyonlar\u0131 bu alandaki se\u00e7eneklerinizi art\u0131r\u0131yor.<\/p>\n<p>Do\u011fa&#8217;n\u0131n bize sundu\u011fu \u00e7i\u00e7ek kokular\u0131, odunsu ve baharatl\u0131 kokular sizler i\u00e7in \u015fi\u015felendi ve kullan\u0131m\u0131n\u0131za sunuldu.<\/p>\n<p>Bunlar\u0131n yan\u0131nda be\u011fendi\u011finiz ve arzu etti\u011finiz kokular\u0131 da talepleriniz do\u011frultusunda sizlere ula\u015ft\u0131r\u0131yoruz.[\/vc_column_text][vc_row_inner][vc_column_inner width=&#8221;1\/2&#8243;][vc_single_image image=&#8221;7092&#8243; alignment=&#8221;center&#8221;][\/vc_column_inner][vc_column_inner width=&#8221;1\/2&#8243;][vc_single_image image=&#8221;7094&#8243; alignment=&#8221;center&#8221;][\/vc_column_inner][\/vc_row_inner][vc_column_text]Kad\u0131n veya erkek parf\u00fcmleri, \u00e7ubuklu oda kokular\u0131 \u00fcretimi alan\u0131nda \u00e7al\u0131\u015fmalar\u0131n\u0131z var ya da bu alanda \u00e7al\u0131\u015fmalara ba\u015flamak istiyorsan\u0131z tam olmas\u0131 gerekti\u011fi yerdesiniz.<\/p>\n<p>Bu alandaki esans \u00fcr\u00fcnlerimizden numune ve bilgi talep etmek i\u00e7in NOFLA Koku At\u00f6lyesine <strong><a href=\"https:\/\/noflatrading.com\/fragrance\/koku-atolyesi\/\">buraya t\u0131klayarak<\/a><\/strong> ula\u015fabilirsiniz.[\/vc_column_text][\/vc_column][\/vc_row]<\/p>\n","protected":false},"excerpt":{"rendered":"<p>[vc_row padding_top=&#8221;5&#8243; padding_bottom=&#8221;5&#8243;][vc_column][vc_single_image image=&#8221;7068&#8243; img_size=&#8221;full&#8221; alignment=&#8221;center&#8221;][\/vc_column][\/vc_row][vc_row padding_top=&#8221;5&#8243;][vc_column][vc_column_text]Parf\u00fcm \u00fcretimi i\u00e7in Seluz&#8216;un d\u00fcnyaca \u00fcnl\u00fc k\u0131demli parf\u00fcm\u00f6rleri, parf\u00fcm alan\u0131nda \u201cduyular\u0131n \u00f6tesine\u201d dokunacak en \u00f6zg\u00fcn ve ilham verici koku kombinasyonlar\u0131n\u0131 olu\u015fturmak i\u00e7in s\u0131n\u0131rlar\u0131 zorluyor. Say\u0131s\u0131 on binleri bulan koku ve koku kombinasyonlar\u0131 bu alandaki se\u00e7eneklerinizi art\u0131r\u0131yor. Do\u011fa&#8217;n\u0131n bize sundu\u011fu \u00e7i\u00e7ek kokular\u0131, odunsu ve baharatl\u0131 kokular sizler i\u00e7in \u015fi\u015felendi ve kullan\u0131m\u0131n\u0131za sunuldu. Bunlar\u0131n yan\u0131nda be\u011fendi\u011finiz [&hellip;]<\/p>\n","protected":false},"author":1,"featured_media":0,"parent":0,"menu_order":0,"comment_status":"closed","ping_status":"closed","template":"","meta":{"_joinchat":{"telephone":"+905338645584","message_text":"WhatsApp arac\u0131l\u0131\u011f\u0131 ile bizimle ileti\u015fime ge\u00e7in.","message_send":"Merhaba, parf\u00fcm \u00fcretimi hakk\u0131nda bilgi almak istiyorum.","view":"yes"},"footnotes":""},"class_list":["post-7062","page","type-page","status-publish","hentry"],"yoast_head":"<!-- This site is optimized with the Yoast SEO plugin v27.4 - https:\/\/yoast.com\/product\/yoast-seo-wordpress\/ -->\n<title>Parf\u00fcm \u00fcretimi i\u00e7in esanslar - NOFLA Fragrance - K\u0131br\u0131s<\/title>\n<meta name=\"description\" content=\"Parf\u00fcm \u00fcretimi i\u00e7in on binlerce koku ve koku kombinasyonlar\u0131, esanslar NOFLA Fragrance ile Kuzey K\u0131br\u0131s&#039;ta.\" \/>\n<meta name=\"robots\" content=\"index, follow, max-snippet:-1, max-image-preview:large, max-video-preview:-1\" \/>\n<link rel=\"canonical\" href=\"https:\/\/noflatrading.com\/fragrance\/parfum\/\" \/>\n<meta property=\"og:locale\" content=\"tr_TR\" \/>\n<meta property=\"og:type\" content=\"article\" \/>\n<meta property=\"og:title\" content=\"Parf\u00fcm \u00fcretimi i\u00e7in esanslar - NOFLA Fragrance - K\u0131br\u0131s\" \/>\n<meta property=\"og:description\" content=\"Parf\u00fcm \u00fcretimi i\u00e7in on binlerce koku ve koku kombinasyonlar\u0131, esanslar NOFLA Fragrance ile Kuzey K\u0131br\u0131s&#039;ta.\" \/>\n<meta property=\"og:url\" content=\"https:\/\/noflatrading.com\/fragrance\/parfum\/\" \/>\n<meta property=\"og:site_name\" content=\"NOFLA FRAGRANCE\" \/>\n<meta property=\"article:modified_time\" content=\"2021-03-14T19:28:09+00:00\" \/>\n<meta name=\"twitter:card\" content=\"summary_large_image\" \/>\n<meta name=\"twitter:label1\" content=\"Tahmini okuma s\u00fcresi\" \/>\n\t<meta name=\"twitter:data1\" content=\"1 dakika\" \/>\n<script type=\"application\/ld+json\" class=\"yoast-schema-graph\">{\"@context\":\"https:\\\/\\\/schema.org\",\"@graph\":[{\"@type\":\"WebPage\",\"@id\":\"https:\\\/\\\/noflatrading.com\\\/fragrance\\\/parfum\\\/\",\"url\":\"https:\\\/\\\/noflatrading.com\\\/fragrance\\\/parfum\\\/\",\"name\":\"Parf\u00fcm \u00fcretimi i\u00e7in esanslar - NOFLA Fragrance - K\u0131br\u0131s\",\"isPartOf\":{\"@id\":\"https:\\\/\\\/noflatrading.com\\\/fragrance\\\/#website\"},\"datePublished\":\"2021-03-06T15:09:25+00:00\",\"dateModified\":\"2021-03-14T19:28:09+00:00\",\"description\":\"Parf\u00fcm \u00fcretimi i\u00e7in on binlerce koku ve koku kombinasyonlar\u0131, esanslar NOFLA Fragrance ile Kuzey K\u0131br\u0131s'ta.\",\"breadcrumb\":{\"@id\":\"https:\\\/\\\/noflatrading.com\\\/fragrance\\\/parfum\\\/#breadcrumb\"},\"inLanguage\":\"tr\",\"potentialAction\":[{\"@type\":\"ReadAction\",\"target\":[\"https:\\\/\\\/noflatrading.com\\\/fragrance\\\/parfum\\\/\"]}]},{\"@type\":\"BreadcrumbList\",\"@id\":\"https:\\\/\\\/noflatrading.com\\\/fragrance\\\/parfum\\\/#breadcrumb\",\"itemListElement\":[{\"@type\":\"ListItem\",\"position\":1,\"name\":\"Anasayfa\",\"item\":\"https:\\\/\\\/noflatrading.com\\\/fragrance\\\/\"},{\"@type\":\"ListItem\",\"position\":2,\"name\":\"Parf\u00fcm\"}]},{\"@type\":\"WebSite\",\"@id\":\"https:\\\/\\\/noflatrading.com\\\/fragrance\\\/#website\",\"url\":\"https:\\\/\\\/noflatrading.com\\\/fragrance\\\/\",\"name\":\"NOFLA FRAGRANCE\",\"description\":\"Parf\u00fcm, kozmetik, temizlik \u00fcr\u00fcnleri \u00fcretimi i\u00e7in esanslar.\",\"potentialAction\":[{\"@type\":\"SearchAction\",\"target\":{\"@type\":\"EntryPoint\",\"urlTemplate\":\"https:\\\/\\\/noflatrading.com\\\/fragrance\\\/?s={search_term_string}\"},\"query-input\":{\"@type\":\"PropertyValueSpecification\",\"valueRequired\":true,\"valueName\":\"search_term_string\"}}],\"inLanguage\":\"tr\"}]}<\/script>\n<!-- \/ Yoast SEO plugin. -->","yoast_head_json":{"title":"Parf\u00fcm \u00fcretimi i\u00e7in esanslar - NOFLA Fragrance - K\u0131br\u0131s","description":"Parf\u00fcm \u00fcretimi i\u00e7in on binlerce koku ve koku kombinasyonlar\u0131, esanslar NOFLA Fragrance ile Kuzey K\u0131br\u0131s'ta.","robots":{"index":"index","follow":"follow","max-snippet":"max-snippet:-1","max-image-preview":"max-image-preview:large","max-video-preview":"max-video-preview:-1"},"canonical":"https:\/\/noflatrading.com\/fragrance\/parfum\/","og_locale":"tr_TR","og_type":"article","og_title":"Parf\u00fcm \u00fcretimi i\u00e7in esanslar - NOFLA Fragrance - K\u0131br\u0131s","og_description":"Parf\u00fcm \u00fcretimi i\u00e7in on binlerce koku ve koku kombinasyonlar\u0131, esanslar NOFLA Fragrance ile Kuzey K\u0131br\u0131s'ta.","og_url":"https:\/\/noflatrading.com\/fragrance\/parfum\/","og_site_name":"NOFLA FRAGRANCE","article_modified_time":"2021-03-14T19:28:09+00:00","twitter_card":"summary_large_image","twitter_misc":{"Tahmini okuma s\u00fcresi":"1 dakika"},"schema":{"@context":"https:\/\/schema.org","@graph":[{"@type":"WebPage","@id":"https:\/\/noflatrading.com\/fragrance\/parfum\/","url":"https:\/\/noflatrading.com\/fragrance\/parfum\/","name":"Parf\u00fcm \u00fcretimi i\u00e7in esanslar - NOFLA Fragrance - K\u0131br\u0131s","isPartOf":{"@id":"https:\/\/noflatrading.com\/fragrance\/#website"},"datePublished":"2021-03-06T15:09:25+00:00","dateModified":"2021-03-14T19:28:09+00:00","description":"Parf\u00fcm \u00fcretimi i\u00e7in on binlerce koku ve koku kombinasyonlar\u0131, esanslar NOFLA Fragrance ile Kuzey K\u0131br\u0131s'ta.","breadcrumb":{"@id":"https:\/\/noflatrading.com\/fragrance\/parfum\/#breadcrumb"},"inLanguage":"tr","potentialAction":[{"@type":"ReadAction","target":["https:\/\/noflatrading.com\/fragrance\/parfum\/"]}]},{"@type":"BreadcrumbList","@id":"https:\/\/noflatrading.com\/fragrance\/parfum\/#breadcrumb","itemListElement":[{"@type":"ListItem","position":1,"name":"Anasayfa","item":"https:\/\/noflatrading.com\/fragrance\/"},{"@type":"ListItem","position":2,"name":"Parf\u00fcm"}]},{"@type":"WebSite","@id":"https:\/\/noflatrading.com\/fragrance\/#website","url":"https:\/\/noflatrading.com\/fragrance\/","name":"NOFLA FRAGRANCE","description":"Parf\u00fcm, kozmetik, temizlik \u00fcr\u00fcnleri \u00fcretimi i\u00e7in esanslar.","potentialAction":[{"@type":"SearchAction","target":{"@type":"EntryPoint","urlTemplate":"https:\/\/noflatrading.com\/fragrance\/?s={search_term_string}"},"query-input":{"@type":"PropertyValueSpecification","valueRequired":true,"valueName":"search_term_string"}}],"inLanguage":"tr"}]}},"_links":{"self":[{"href":"https:\/\/noflatrading.com\/fragrance\/wp-json\/wp\/v2\/pages\/7062","targetHints":{"allow":["GET"]}}],"collection":[{"href":"https:\/\/noflatrading.com\/fragrance\/wp-json\/wp\/v2\/pages"}],"about":[{"href":"https:\/\/noflatrading.com\/fragrance\/wp-json\/wp\/v2\/types\/page"}],"author":[{"embeddable":true,"href":"https:\/\/noflatrading.com\/fragrance\/wp-json\/wp\/v2\/users\/1"}],"replies":[{"embeddable":true,"href":"https:\/\/noflatrading.com\/fragrance\/wp-json\/wp\/v2\/comments?post=7062"}],"version-history":[{"count":8,"href":"https:\/\/noflatrading.com\/fragrance\/wp-json\/wp\/v2\/pages\/7062\/revisions"}],"predecessor-version":[{"id":7131,"href":"https:\/\/noflatrading.com\/fragrance\/wp-json\/wp\/v2\/pages\/7062\/revisions\/7131"}],"wp:attachment":[{"href":"https:\/\/noflatrading.com\/fragrance\/wp-json\/wp\/v2\/media?parent=7062"}],"curies":[{"name":"wp","href":"https:\/\/api.w.org\/{rel}","templated":true}]}}